{"id":831,"date":"2020-04-27T12:52:45","date_gmt":"2020-04-27T17:52:45","guid":{"rendered":"https:\/\/villagas.co\/?page_id=831"},"modified":"2024-02-19T18:32:51","modified_gmt":"2024-02-19T23:32:51","slug":"procedimiento-cambio-prestador-del-servicio","status":"publish","type":"page","link":"https:\/\/villagas.co\/index.php\/procedimiento-cambio-prestador-del-servicio\/","title":{"rendered":"Procedimiento cambio prestador del servicio"},"content":{"rendered":"<p>[et_pb_section fb_built=\u00bb1&#8243; next_background_color=\u00bb#ffffff\u00bb admin_label=\u00bbHero\u00bb _builder_version=\u00bb3.22&#8243; use_background_color_gradient=\u00bbon\u00bb background_color_gradient_start=\u00bb#283d4b\u00bb background_color_gradient_end=\u00bbrgba(128,103,79,0.5)\u00bb background_color_gradient_direction=\u00bb70deg\u00bb background_color_gradient_overlays_image=\u00bbon\u00bb background_image=\u00bbhttps:\/\/villagas.co\/wp-content\/uploads\/2019\/10\/PLANTA-VG-2.jpg\u00bb custom_margin=\u00bb||3%|\u00bb custom_padding=\u00bb6vw|||\u00bb bottom_divider_style=\u00bbmountains2&#8243; bottom_divider_height=\u00bb20vw\u00bb bottom_divider_repeat=\u00bb0.5x\u00bb bottom_divider_flip=\u00bbhorizontal|vertical\u00bb global_colors_info=\u00bb{}\u00bb][et_pb_row _builder_version=\u00bb3.25&#8243; custom_margin=\u00bb|||\u00bb custom_padding=\u00bb27px|0px|0|0px|false|false\u00bb global_colors_info=\u00bb{}\u00bb][et_pb_column type=\u00bb4_4&#8243; _builder_version=\u00bb3.25&#8243; custom_padding=\u00bb|||\u00bb global_colors_info=\u00bb{}\u00bb custom_padding__hover=\u00bb|||\u00bb][et_pb_text _builder_version=\u00bb4.4.3&#8243; text_font=\u00bb||||||||\u00bb text_font_size=\u00bb12px\u00bb header_font=\u00bbJosefin Sans|700|||||||\u00bb header_font_size=\u00bb50px\u00bb header_line_height=\u00bb1.4em\u00bb header_2_font=\u00bbJosefin Sans||||||||\u00bb header_2_text_color=\u00bbrgba(255,255,255,0.6)\u00bb header_2_font_size=\u00bb32px\u00bb header_2_line_height=\u00bb1.4em\u00bb background_layout=\u00bbdark\u00bb animation_style=\u00bbslide\u00bb animation_direction=\u00bbright\u00bb animation_intensity_slide=\u00bb4%\u00bb header_font_size_tablet=\u00bb50px\u00bb header_font_size_phone=\u00bb32px\u00bb header_font_size_last_edited=\u00bbon|desktop\u00bb header_2_font_size_tablet=\u00bb\u00bb header_2_font_size_phone=\u00bb24px\u00bb header_2_font_size_last_edited=\u00bbon|phone\u00bb global_colors_info=\u00bb{}\u00bb]<\/p>\n<h1>Procedimiento cambio prestador del servicio<\/h1>\n<p>[\/et_pb_text][\/et_pb_column][\/et_pb_row][et_pb_row use_custom_gutter=\u00bbon\u00bb gutter_width=\u00bb1&#8243; disabled_on=\u00bbon|off|off\u00bb module_class=\u00bb et_pb_row_fullwidth\u00bb _builder_version=\u00bb3.25&#8243; width=\u00bb100%\u00bb width_tablet=\u00bb100%\u00bb width_phone=\u00bb\u00bb width_last_edited=\u00bbon|desktop\u00bb max_width=\u00bb100%\u00bb max_width_tablet=\u00bb100%\u00bb max_width_phone=\u00bb\u00bb max_width_last_edited=\u00bbon|desktop\u00bb make_fullwidth=\u00bbon\u00bb locked=\u00bboff\u00bb global_colors_info=\u00bb{}\u00bb][et_pb_column type=\u00bb4_4&#8243; _builder_version=\u00bb3.25&#8243; custom_padding=\u00bb|||\u00bb global_colors_info=\u00bb{}\u00bb custom_padding__hover=\u00bb|||\u00bb][et_pb_text _builder_version=\u00bb3.27.4&#8243; text_font=\u00bbJosefin Sans|700||on|||||\u00bb text_text_color=\u00bbrgba(255,255,255,0.2)\u00bb text_font_size=\u00bb15vw\u00bb text_line_height=\u00bb1em\u00bb quote_font=\u00bb||||||||\u00bb header_font=\u00bb||||||||\u00bb custom_margin=\u00bb||-0.4em|\u00bb custom_padding=\u00bb|||\u00bb filter_blur=\u00bb7px\u00bb animation_style=\u00bbslide\u00bb animation_direction=\u00bbright\u00bb animation_duration=\u00bb10000ms\u00bb animation_intensity_slide=\u00bb10%\u00bb animation_starting_opacity=\u00bb40%\u00bb animation_speed_curve=\u00bblinear\u00bb text_font_size_tablet=\u00bb124px\u00bb text_font_size_phone=\u00bb90px\u00bb text_font_size_last_edited=\u00bboff|desktop\u00bb global_colors_info=\u00bb{}\u00bb]<\/p>\n<p>VILLAGAS<\/p>\n<p>[\/et_pb_text][\/et_pb_column][\/et_pb_row][\/et_pb_section][et_pb_section fb_built=\u00bb1&#8243; use_custom_gutter=\u00bbon\u00bb gutter_width=\u00bb1&#8243; specialty=\u00bbon\u00bb prev_background_color=\u00bb#ffffff\u00bb next_background_color=\u00bb#ffffff\u00bb background_color_2=\u00bb#f7f7f7&#8243; padding_top_2=\u00bb60px\u00bb admin_label=\u00bbAbout Us\u00bb module_class=\u00bb et_pb_specialty_fullwidth\u00bb _builder_version=\u00bb4.4.3&#8243; use_background_color_gradient=\u00bbon\u00bb background_color_gradient_start=\u00bbrgba(12,12,12,0.4)\u00bb background_color_gradient_end=\u00bbrgba(12,12,12,0)\u00bb background_color_gradient_type=\u00bbradial\u00bb background_color_gradient_direction_radial=\u00bbtop left\u00bb background_color_gradient_overlays_image=\u00bbon\u00bb background_image=\u00bbhttps:\/\/villagas.co\/wp-content\/uploads\/2019\/10\/blaze-blue-blur-266896.jpg\u00bb parallax=\u00bbon\u00bb inner_width=\u00bb100%\u00bb inner_width_tablet=\u00bb100%\u00bb inner_width_phone=\u00bb\u00bb inner_width_last_edited=\u00bbon|desktop\u00bb inner_max_width=\u00bb100%\u00bb inner_max_width_tablet=\u00bb100%\u00bb inner_max_width_phone=\u00bb\u00bb inner_max_width_last_edited=\u00bbon|desktop\u00bb custom_margin=\u00bb|||\u00bb custom_padding=\u00bb0px|0px|0px|0px|true|false\u00bb top_divider_style=\u00bbslant2&#8243; bottom_divider_style=\u00bbasymmetric2&#8243; make_fullwidth=\u00bbon\u00bb global_colors_info=\u00bb{}\u00bb][et_pb_column type=\u00bb1_3&#8243; _builder_version=\u00bb3.25&#8243; custom_padding=\u00bb|||\u00bb global_colors_info=\u00bb{}\u00bb custom_padding__hover=\u00bb|||\u00bb][\/et_pb_column][et_pb_column type=\u00bb2_3&#8243; specialty_columns=\u00bb2&#8243; _builder_version=\u00bb3.25&#8243; background_color=\u00bb#f7f7f7&#8243; custom_padding=\u00bb|||\u00bb global_colors_info=\u00bb{}\u00bb custom_padding__hover=\u00bb|||\u00bb][et_pb_row_inner custom_padding_last_edited=\u00bbon|tablet\u00bb _builder_version=\u00bb3.25&#8243; custom_margin=\u00bb|||\u00bb custom_padding=\u00bb|8vw|3px|8vw|false|false\u00bb custom_padding_tablet=\u00bb|40px||40px||true\u00bb custom_padding_phone=\u00bb\u00bb global_colors_info=\u00bb{}\u00bb][et_pb_column_inner saved_specialty_column_type=\u00bb2_3&#8243; _builder_version=\u00bb3.25&#8243; custom_padding=\u00bb|||\u00bb global_colors_info=\u00bb{}\u00bb custom_padding__hover=\u00bb|||\u00bb][et_pb_text _builder_version=\u00bb4.4.3&#8243; text_font=\u00bbJosefin Sans||||||||\u00bb header_font=\u00bbJosefin Sans||||||||\u00bb header_2_font=\u00bbJosefin Sans|700|||||||\u00bb header_2_font_size=\u00bb38px\u00bb header_2_line_height=\u00bb1.2em\u00bb module_alignment=\u00bbcenter\u00bb custom_margin=\u00bb|||\u00bb custom_padding=\u00bb|||\u00bb header_2_font_size_tablet=\u00bb\u00bb header_2_font_size_phone=\u00bb36px\u00bb header_2_font_size_last_edited=\u00bbon|phone\u00bb locked=\u00bboff\u00bb global_colors_info=\u00bb{}\u00bb]<\/p>\n<h2>Procedimiento para cambio de comercializdor de GLP envasado en cilindros o tanques estacionarios<\/h2>\n<p>[\/et_pb_text][et_pb_divider color=\u00bb#e02b20&#8243; divider_position=\u00bbcenter\u00bb divider_weight=\u00bb5px\u00bb _builder_version=\u00bb4.3.4&#8243; max_width=\u00bb50px\u00bb global_colors_info=\u00bb{}\u00bb][\/et_pb_divider][et_pb_text _builder_version=\u00bb4.4.3&#8243; text_font=\u00bbJosefin Sans||||||||\u00bb header_font=\u00bbJosefin Sans||||||||\u00bb header_2_font=\u00bbOpen Sans||||||||\u00bb header_2_text_align=\u00bbjustify\u00bb header_2_font_size=\u00bb24px\u00bb header_2_line_height=\u00bb1.2em\u00bb module_alignment=\u00bbcenter\u00bb custom_margin=\u00bb|||\u00bb custom_padding=\u00bb||30px|||\u00bb header_2_font_size_tablet=\u00bb\u00bb header_2_font_size_phone=\u00bb36px\u00bb header_2_font_size_last_edited=\u00bbon|phone\u00bb locked=\u00bboff\u00bb global_colors_info=\u00bb{}\u00bb]<\/p>\n<h2>Libre elecci\u00f3n del prestador del servicio: Los usuarios tienen derecho a escoger el prestador del servicio en el mercado y\/o proveedor de bienes y servicios, seg\u00fan sus necesidades y requerimientos.<\/h2>\n<p>[\/et_pb_text][\/et_pb_column_inner][\/et_pb_row_inner][et_pb_row_inner column_structure=\u00bb1_2,1_2&#8243; use_custom_gutter=\u00bbon\u00bb custom_padding_last_edited=\u00bbon|tablet\u00bb _builder_version=\u00bb3.25&#8243; module_alignment=\u00bbcenter\u00bb custom_margin=\u00bb|||\u00bb custom_padding=\u00bb0px|8vw|0px|8vw|true|true\u00bb custom_padding_tablet=\u00bb|40px||40px||true\u00bb custom_padding_phone=\u00bb\u00bb global_colors_info=\u00bb{}\u00bb][et_pb_column_inner type=\u00bb1_2&#8243; saved_specialty_column_type=\u00bb2_3&#8243; _builder_version=\u00bb3.25&#8243; custom_padding=\u00bb|||\u00bb custom_padding_tablet=\u00bb|0px||\u00bb custom_padding_last_edited=\u00bboff|desktop\u00bb global_colors_info=\u00bb{}\u00bb padding_tablet=\u00bb|0px||\u00bb padding_last_edited=\u00bboff|desktop\u00bb custom_padding__hover=\u00bb|||\u00bb][et_pb_text _builder_version=\u00bb4.4.3&#8243; text_font=\u00bbOpen Sans||||||||\u00bb text_font_size=\u00bb16px\u00bb text_line_height=\u00bb1.8em\u00bb header_font=\u00bb||||||||\u00bb header_text_align=\u00bbjustify\u00bb text_orientation=\u00bbjustified\u00bb custom_padding=\u00bb|||\u00bb custom_padding_tablet=\u00bb|40px||40px||true\u00bb custom_padding_last_edited=\u00bboff|desktop\u00bb global_colors_info=\u00bb{}\u00bb]<\/p>\n<p><strong>1.- Cilindros Port\u00e1tiles:<\/strong><\/p>\n<p>Los cilindros de gas licuado del petr\u00f3leo GLP utilizados en la prestaci\u00f3n de este\u00a0 servicio p\u00fablico domiciliario son de propiedad de la empresa y est\u00e1n debidamente marcados con la marca <strong>VILLAGAS S.A ESP<\/strong>, debidamente registrada en la Superintendencia de Industria y Comercio. Los cilindros en poder de los usuarios, han sido recibidos en calidad de depositarios y por tanto est\u00e1n en pr\u00e9stamo. Por ning\u00fan motivo el usuario podr\u00e1 devolver el cilindro a persona diferente representante de la empresa. Tampoco podr\u00e1 comercializar el cilindro.\u00a0 Los cilindros de gas licuado del petr\u00f3leo, son por tanto activos esenciales para la prestaci\u00f3n de este servicio. Aquellos usuarios que se encuentran vinculados con la empresa por tener en su poder cilindros de propiedad de esta, gracias a un contrato de dep\u00f3sito, o pr\u00e9stamo de uso,\u00a0 suscrito entre el usuario y la empresa,\u00a0 en el momento en que el usuario determine retirarse de la empresa, o cambiar de prestador, deber\u00e1 devolverlo al vendedor de la empresa y \u00e9ste a su vez le devolver\u00e1 el dep\u00f3sito en garant\u00eda que hubiese recibido del usuario al momento de recibir por primera vez el cilindro marcado de propiedad de la empresa, en el evento en que hubiera existido dicho dep\u00f3sito.\u00a0 Y para los dem\u00e1s usuarios que no hubiesen realizado alg\u00fan dep\u00f3sito, simplemente devolver\u00e1 el cilindro al vendedor de la empresa, y el vendedor le expedir\u00e1 un recibo que acredite dicha devoluci\u00f3n. En todo caso el usuario podr\u00e1 elegir su nuevo proveedor. La empresa en ning\u00fan caso pagar\u00e1 suma alguna por cualquier contenido que tenga el cilindro de gas que se retorne a la empresa.<\/p>\n<p>[\/et_pb_text][\/et_pb_column_inner][et_pb_column_inner type=\u00bb1_2&#8243; saved_specialty_column_type=\u00bb2_3&#8243; _builder_version=\u00bb3.25&#8243; custom_padding=\u00bb|||\u00bb global_colors_info=\u00bb{}\u00bb custom_padding__hover=\u00bb|||\u00bb][et_pb_text _builder_version=\u00bb4.4.3&#8243; text_font=\u00bbOpen Sans||||||||\u00bb text_font_size=\u00bb17px\u00bb text_line_height=\u00bb1.8em\u00bb text_orientation=\u00bbjustified\u00bb custom_margin=\u00bb|||24px|false|false\u00bb locked=\u00bboff\u00bb global_colors_info=\u00bb{}\u00bb]<\/p>\n<p><strong>2.- Tanques Estacionarios:<\/strong><\/p>\n<p>Para tanques estacionarios: El usuario interesado en tomar el servicio de suministro de GLP en tanques estacionarios podr\u00e1 comunicarse al 3138307351 o l\u00edneas fijas: 8434814\/15\/16, p\u00e1gina web www.villagas.co, estaremos gustosos en atender su solicitud de servicio. Este podr\u00e1 ser suministrado en tanques que son de propiedad de la empresa, debidamente marcados, los cuales cumplen \u00a0con los requisitos t\u00e9cnicos exigidos por las autoridades competentes, llegando a un acuerdo entre el usuario y la empresa, \u00e9sta realizar\u00e1 la instalaci\u00f3n del tanque en el sitio requerido por el cliente, en zona que ofrezca las seguridades, con la suscripci\u00f3n de un contrato de comodato y dep\u00f3sito.<\/p>\n<p>Tanques estacionarios de propiedad del usuario: Igualmente la empresa podr\u00e1 suministrar GLP en tanques estacionarios de propiedad del usuario que cumplan con los requisitos t\u00e9cnicos de seguridad.<\/p>\n<p>En ambos casos el cliente debe quedar al d\u00eda en el pago de sus facturas por el producto y los servicios t\u00e9cnicos prestados.<\/p>\n<p>[\/et_pb_text][\/et_pb_column_inner][\/et_pb_row_inner][\/et_pb_column][\/et_pb_section][et_pb_section fb_built=\u00bb1&#8243; _builder_version=\u00bb4.3.4&#8243; custom_margin=\u00bb||-12px|||\u00bb custom_padding=\u00bb9px||13px|||\u00bb global_colors_info=\u00bb{}\u00bb][et_pb_row column_structure=\u00bb1_3,1_3,1_3&#8243; _builder_version=\u00bb4.3.4&#8243; custom_margin=\u00bb|127px|||false|false\u00bb custom_padding=\u00bb0|0px|59px|0px|false|false\u00bb global_colors_info=\u00bb{}\u00bb][et_pb_column type=\u00bb1_3&#8243; _builder_version=\u00bb3.25&#8243; custom_padding=\u00bb|||\u00bb global_colors_info=\u00bb{}\u00bb custom_padding__hover=\u00bb|||\u00bb][\/et_pb_column][et_pb_column type=\u00bb1_3&#8243; _builder_version=\u00bb3.25&#8243; custom_padding=\u00bb|||\u00bb global_colors_info=\u00bb{}\u00bb custom_padding__hover=\u00bb|||\u00bb][\/et_pb_column][et_pb_column type=\u00bb1_3&#8243; _builder_version=\u00bb3.25&#8243; custom_padding=\u00bb|||\u00bb global_colors_info=\u00bb{}\u00bb custom_padding__hover=\u00bb|||\u00bb][et_pb_image src=\u00bbhttps:\/\/villagas.co\/wp-content\/uploads\/2024\/02\/superservicios.png\u00bb align=\u00bbright\u00bb align_tablet=\u00bbcenter\u00bb align_phone=\u00bb\u00bb align_last_edited=\u00bbon|desktop\u00bb disabled_on=\u00bbon|on|off\u00bb _builder_version=\u00bb4.11.0&#8243; custom_margin=\u00bb|1px|||false|false\u00bb hover_enabled=\u00bb0&#8243; global_colors_info=\u00bb{}\u00bb title_text=\u00bbsuperservicios\u00bb sticky_enabled=\u00bb0&#8243;][\/et_pb_image][\/et_pb_column][\/et_pb_row][\/et_pb_section][et_pb_section fb_built=\u00bb1&#8243; admin_label=\u00bbFooter\u00bb _builder_version=\u00bb4.4.3&#8243; use_background_color_gradient=\u00bbon\u00bb background_color_gradient_start=\u00bb#ffffff\u00bb background_color_gradient_end=\u00bbrgba(111,98,112,0.5)\u00bb custom_padding=\u00bb0|0px|54px|0px|false|false\u00bb global_colors_info=\u00bb{}\u00bb][et_pb_row column_structure=\u00bb1_3,1_3,1_3&#8243; _builder_version=\u00bb3.25&#8243; custom_padding=\u00bb0|0px|27px|0px|false|false\u00bb global_colors_info=\u00bb{}\u00bb][et_pb_column type=\u00bb1_3&#8243; _builder_version=\u00bb3.25&#8243; custom_padding=\u00bb|||\u00bb global_colors_info=\u00bb{}\u00bb custom_padding__hover=\u00bb|||\u00bb][et_pb_blurb title=\u00bbOFICINA PRINCIPAL\u00bb use_icon=\u00bbon\u00bb font_icon=\u00bb%%236%%\u00bb icon_color=\u00bb#e02b20&#8243; use_icon_font_size=\u00bbon\u00bb icon_font_size=\u00bb32px\u00bb _builder_version=\u00bb3.19.12&#8243; header_font=\u00bbJosefin Sans|700||on|||||\u00bb header_text_align=\u00bbcenter\u00bb body_font=\u00bbOpen Sans||||||||\u00bb body_text_align=\u00bbcenter\u00bb body_font_size=\u00bb18px\u00bb global_colors_info=\u00bb{}\u00bb]<\/p>\n<p>Cra 2 # 44-48, Zona Industrial Cazuca, Soacha<\/p>\n<p>[\/et_pb_blurb][\/et_pb_column][et_pb_column type=\u00bb1_3&#8243; _builder_version=\u00bb3.25&#8243; custom_padding=\u00bb|||\u00bb global_colors_info=\u00bb{}\u00bb custom_padding__hover=\u00bb|||\u00bb][et_pb_blurb title=\u00bbTEL\u00c9FONO\u00bb use_icon=\u00bbon\u00bb font_icon=\u00bb%%264%%\u00bb icon_color=\u00bb#e02b20&#8243; use_icon_font_size=\u00bbon\u00bb icon_font_size=\u00bb32px\u00bb _builder_version=\u00bb3.19.12&#8243; header_font=\u00bbJosefin Sans|700||on|||||\u00bb header_text_align=\u00bbcenter\u00bb body_font=\u00bbOpen Sans||||||||\u00bb body_text_align=\u00bbcenter\u00bb body_font_size=\u00bb18px\u00bb animation_style=\u00bbfold\u00bb animation_direction=\u00bbleft\u00bb animation_delay=\u00bb200ms\u00bb animation_intensity_fold=\u00bb20%\u00bb global_colors_info=\u00bb{}\u00bb]<\/p>\n<p>(1) 775 13 26 &#8211; (+57) 310 785 3948<\/p>\n<p>[\/et_pb_blurb][\/et_pb_column][et_pb_column type=\u00bb1_3&#8243; _builder_version=\u00bb3.25&#8243; custom_padding=\u00bb|||\u00bb global_colors_info=\u00bb{}\u00bb custom_padding__hover=\u00bb|||\u00bb][et_pb_blurb title=\u00bbEMAIL\u00bb use_icon=\u00bbon\u00bb font_icon=\u00bb%%238%%\u00bb icon_color=\u00bb#e02b20&#8243; use_icon_font_size=\u00bbon\u00bb icon_font_size=\u00bb32px\u00bb _builder_version=\u00bb3.19.12&#8243; header_font=\u00bbJosefin Sans|700||on|||||\u00bb header_text_align=\u00bbcenter\u00bb body_font=\u00bbOpen Sans||||||||\u00bb body_text_align=\u00bbcenter\u00bb body_font_size=\u00bb18px\u00bb animation_style=\u00bbfold\u00bb animation_direction=\u00bbleft\u00bb animation_delay=\u00bb200ms\u00bb animation_intensity_fold=\u00bb20%\u00bb global_colors_info=\u00bb{}\u00bb]<\/p>\n<p>villagas@villagas.co<\/p>\n<p>[\/et_pb_blurb][\/et_pb_column][\/et_pb_row][\/et_pb_section]<\/p>\n","protected":false},"excerpt":{"rendered":"<p>Procedimiento cambio prestador del servicioVILLAGASProcedimiento para cambio de comercializdor de GLP envasado en cilindros o tanques estacionariosLibre elecci\u00f3n del prestador del servicio: Los usuarios tienen derecho a escoger el prestador del servicio en el mercado y\/o proveedor de bienes y servicios, seg\u00fan sus necesidades y requerimientos.1.- Cilindros Port\u00e1tiles: Los cilindros de gas licuado del petr\u00f3leo [&hellip;]<\/p>\n","protected":false},"author":1,"featured_media":0,"parent":0,"menu_order":0,"comment_status":"closed","ping_status":"closed","template":"","meta":{"_et_pb_use_builder":"on","_et_pb_old_content":"<!-- wp:divi\/placeholder \/-->","_et_gb_content_width":"","footnotes":""},"class_list":["post-831","page","type-page","status-publish","hentry"],"aioseo_notices":[],"_links":{"self":[{"href":"https:\/\/villagas.co\/index.php\/wp-json\/wp\/v2\/pages\/831"}],"collection":[{"href":"https:\/\/villagas.co\/index.php\/wp-json\/wp\/v2\/pages"}],"about":[{"href":"https:\/\/villagas.co\/index.php\/wp-json\/wp\/v2\/types\/page"}],"author":[{"embeddable":true,"href":"https:\/\/villagas.co\/index.php\/wp-json\/wp\/v2\/users\/1"}],"replies":[{"embeddable":true,"href":"https:\/\/villagas.co\/index.php\/wp-json\/wp\/v2\/comments?post=831"}],"version-history":[{"count":6,"href":"https:\/\/villagas.co\/index.php\/wp-json\/wp\/v2\/pages\/831\/revisions"}],"predecessor-version":[{"id":933,"href":"https:\/\/villagas.co\/index.php\/wp-json\/wp\/v2\/pages\/831\/revisions\/933"}],"wp:attachment":[{"href":"https:\/\/villagas.co\/index.php\/wp-json\/wp\/v2\/media?parent=831"}],"curies":[{"name":"wp","href":"https:\/\/api.w.org\/{rel}","templated":true}]}}